{"id":4271,"date":"2022-04-07T14:10:10","date_gmt":"2022-04-07T12:10:10","guid":{"rendered":"https:\/\/www.replayer.it\/tutoriel-video-pour-lutilisation-des-services-replayer\/"},"modified":"2022-04-12T13:46:22","modified_gmt":"2022-04-12T11:46:22","slug":"tutoriel-video-pour-lutilisation-des-services-replayer","status":"publish","type":"page","link":"https:\/\/www.replayer.it\/fr\/tutoriel-video-pour-lutilisation-des-services-replayer\/","title":{"rendered":"Tutoriel vid\u00e9o pour l&#8217;utilisation des services Replayer"},"content":{"rendered":"<p>[et_pb_section fb_built=&#8221;1&#8243; _builder_version=&#8221;4.10.8&#8243; background_image=&#8221;https:\/\/www.replayer.it\/wp-content\/uploads\/2021\/10\/Replayer_video_tutorial_background.jpg&#8221; parallax=&#8221;on&#8221; parallax_method=&#8221;off&#8221; custom_padding=&#8221;||0px||false|false&#8221; custom_css_main_element=&#8221; background-blend-mode: luminosity;||&#8221; global_colors_info=&#8221;{}&#8221;][et_pb_row _builder_version=&#8221;3.25&#8243; background_size=&#8221;initial&#8221; background_position=&#8221;top_left&#8221; background_repeat=&#8221;repeat&#8221; global_colors_info=&#8221;{}&#8221;][et_pb_column type=&#8221;4_4&#8243; _builder_version=&#8221;3.25&#8243; custom_padding=&#8221;|||&#8221; global_colors_info=&#8221;{}&#8221; custom_padding__hover=&#8221;|||&#8221;][et_pb_text _builder_version=&#8221;4.10.8&#8243; header_text_align=&#8221;center&#8221; background_size=&#8221;initial&#8221; background_position=&#8221;top_left&#8221; background_repeat=&#8221;repeat&#8221; custom_padding_tablet=&#8221;|0%||0%|false|false&#8221; custom_padding_phone=&#8221;&#8221; custom_padding_last_edited=&#8221;on|phone&#8221; global_colors_info=&#8221;{}&#8221;]<\/p>\n<p><a name=\"iscrizione\"><\/a><\/p>\n<h1 style=\"text-align: center;\">Utiliser replayer c&#8217;est simple<br \/>Avec les tutoriels vid\u00e9os c&#8217;est encore plus simple<\/h1>\n<p>[\/et_pb_text][\/et_pb_column][\/et_pb_row][et_pb_row column_structure=&#8221;2_5,3_5&#8243; _builder_version=&#8221;4.10.8&#8243; _module_preset=&#8221;default&#8221; background_enable_image=&#8221;off&#8221; global_colors_info=&#8221;{}&#8221;][et_pb_column type=&#8221;2_5&#8243; _builder_version=&#8221;4.10.8&#8243; _module_preset=&#8221;default&#8221; global_colors_info=&#8221;{}&#8221;][et_pb_text _builder_version=&#8221;4.10.8&#8243; _module_preset=&#8221;default&#8221; header_2_text_color=&#8221;#DD004A&#8221; global_colors_info=&#8221;{}&#8221;]<\/p>\n<h2>Comment s&#8217;inscrire \u00e0 replayer<\/h2>\n<p>S&#8217;inscrire \u00e0 Replayer c&#8217;est tr\u00e8s facile : saisissez vos coordonn\u00e9es et cliquez sur<strong>l&#8217;e-mail de v\u00e9rification<\/strong>.<\/p>\n<p>Rappelez-vous de donner toutes les autorisations pour profiter du <strong>service d&#8217;enregistrement vid\u00e9o<\/strong> pour pouvoir vous (re)voir sur le terrain !<\/p>\n<p><a name=\"prenotazione\"><\/a>[\/et_pb_text][et_pb_button button_url=&#8221;https:\/\/go.replayer.it\/sign-up-player&#8221; url_new_window=&#8221;on&#8221; button_text=&#8221;Inscrivez-vous maintenant \u3009&#8221; _builder_version=&#8221;4.14.7&#8243; _module_preset=&#8221;default&#8221; custom_padding=&#8221;10px||10px||true|false&#8221; global_colors_info=&#8221;{}&#8221;][\/et_pb_button][\/et_pb_column][et_pb_column type=&#8221;3_5&#8243; _builder_version=&#8221;4.10.8&#8243; _module_preset=&#8221;default&#8221; global_colors_info=&#8221;{}&#8221;][et_pb_video src=&#8221;https:\/\/player.vimeo.com\/video\/624770459&#8243; _builder_version=&#8221;4.10.8&#8243; _module_preset=&#8221;default&#8221; global_colors_info=&#8221;{}&#8221;][\/et_pb_video][\/et_pb_column][\/et_pb_row][et_pb_row column_structure=&#8221;2_5,3_5&#8243; _builder_version=&#8221;4.10.8&#8243; _module_preset=&#8221;default&#8221; background_enable_image=&#8221;off&#8221; global_colors_info=&#8221;{}&#8221;][et_pb_column type=&#8221;2_5&#8243; _builder_version=&#8221;4.10.8&#8243; _module_preset=&#8221;default&#8221; global_colors_info=&#8221;{}&#8221;][et_pb_text _builder_version=&#8221;4.10.8&#8243; _module_preset=&#8221;default&#8221; header_2_text_color=&#8221;#DD004A&#8221; global_colors_info=&#8221;{}&#8221;]<\/p>\n<h2>Comment r\u00e9server un terrain Replayer<\/h2>\n<p>Inscrivez-vous sur Replayer et r\u00e9servez un terrain en seulement trois \u00e9tapes:<\/p>\n<ol>\n<li>Choisissez le centre sportif<\/li>\n<li>Cliquer sur &#8220;R\u00e9server&#8221; et choisissez terrain et cr\u00e9neau horaire<\/li>\n<li>Remplissez et confirmez la r\u00e9servation<\/li>\n<\/ol>\n<p>Vous recevrez un e-mail qui vous aidera \u00e0 vous rappeler de votre r\u00e9servation Profitez du match, profitez de Replayer !<br \/>\n<a name=\"acquisto\"><\/a>[\/et_pb_text][\/et_pb_column][et_pb_column type=&#8221;3_5&#8243; _builder_version=&#8221;4.10.8&#8243; _module_preset=&#8221;default&#8221; global_colors_info=&#8221;{}&#8221;][et_pb_video src=&#8221;https:\/\/player.vimeo.com\/video\/630205305&#8243; _builder_version=&#8221;4.10.8&#8243; _module_preset=&#8221;default&#8221; global_colors_info=&#8221;{}&#8221;][\/et_pb_video][\/et_pb_column][\/et_pb_row][et_pb_row column_structure=&#8221;2_5,3_5&#8243; _builder_version=&#8221;4.10.8&#8243; _module_preset=&#8221;default&#8221; background_enable_image=&#8221;off&#8221; global_colors_info=&#8221;{}&#8221;][et_pb_column type=&#8221;2_5&#8243; _builder_version=&#8221;4.10.8&#8243; _module_preset=&#8221;default&#8221; global_colors_info=&#8221;{}&#8221;][et_pb_text _builder_version=&#8221;4.10.8&#8243; _module_preset=&#8221;default&#8221; header_2_text_color=&#8221;#DD004A&#8221; global_colors_info=&#8221;{}&#8221;]<\/p>\n<h2>Comment acheter une vid\u00e9o ou un abonnement Replayer<span style=\"color: #ffffff;\">TV<\/span><\/h2>\n<p>Les vid\u00e9os des matchs ou des entra\u00eenements peuvent \u00eatre achet\u00e9es directement depuis le planning ou depuis le <strong>Video Store<\/strong> du Centre Sportif . Sinon, vous pouvez choisir de vous abonner \u00e0 Replayer TV et profiter d&#8217;un acc\u00e8s libre aux vid\u00e9os de la cha\u00eene TV de votre Centre pr\u00e9f\u00e9r\u00e9 ou, avec<strong>l&#8217;abonnement UNLIMITED<\/strong>, \u00e0 toutes les cha\u00eenes vid\u00e9os de ReplayerTV.<br \/>\n<strong>Pour les achats sur Replayer, utilisez le cr\u00e9dit disponible sur votre compte<\/strong>, ainsi, vous n&#8217;utiliserez votre carte bancaire ou votre compte Paypal que pour <strong>recharger<\/strong> et, rappelez-vous : plus le montant de votre recharge est \u00e9lev\u00e9, plus le <strong> cr\u00e9dit cadeau<\/strong> que vous recevez l&#8217;est aussi.<br \/>\n<a name=\"affiliazione\"><\/a>[\/et_pb_text][\/et_pb_column][et_pb_column type=&#8221;3_5&#8243; _builder_version=&#8221;4.10.8&#8243; _module_preset=&#8221;default&#8221; global_colors_info=&#8221;{}&#8221;][et_pb_video src=&#8221;https:\/\/player.vimeo.com\/video\/636456992&#8243; _builder_version=&#8221;4.10.8&#8243; _module_preset=&#8221;default&#8221; global_colors_info=&#8221;{}&#8221;][\/et_pb_video][\/et_pb_column][\/et_pb_row][et_pb_row column_structure=&#8221;2_5,3_5&#8243; _builder_version=&#8221;4.10.8&#8243; _module_preset=&#8221;default&#8221; background_enable_image=&#8221;off&#8221; global_colors_info=&#8221;{}&#8221;][et_pb_column type=&#8221;2_5&#8243; _builder_version=&#8221;4.10.8&#8243; _module_preset=&#8221;default&#8221; global_colors_info=&#8221;{}&#8221;][et_pb_text _builder_version=&#8221;4.13.1&#8243; _module_preset=&#8221;default&#8221; header_2_text_color=&#8221;#DD004A&#8221; global_colors_info=&#8221;{}&#8221;]<\/p>\n<h2>Comment adh\u00e9rer \u00e0 un Centre Sportif sur Replayer<\/h2>\n<p>Les Centres Sportifs offrent des avantages sp\u00e9ciaux \u00e0 leurs adh\u00e9rents (inscrits, partenaires,abonn\u00e9s, ma\u00eetres, entra\u00eeneurs\u2026)<br \/>\n<strong>Demandez \u00e0 votre Centre l&#8217;adh\u00e9sion sur Replayer<\/strong> pour b\u00e9n\u00e9ficier encore plus d&#8217;avantages, comme la pr\u00e9emption sur les r\u00e9servations ou l&#8217;acc\u00e8s gratuit \u00e0 toutes les vid\u00e9os de la cha\u00eene TV.<br \/>\n<strong>Entrez dans la communaut\u00e9 des sportifs !<\/strong><br \/>\n<a name=\"player\"><\/a>[\/et_pb_text][\/et_pb_column][et_pb_column type=&#8221;3_5&#8243; _builder_version=&#8221;4.10.8&#8243; _module_preset=&#8221;default&#8221; global_colors_info=&#8221;{}&#8221;][et_pb_video src=&#8221;https:\/\/player.vimeo.com\/video\/637966266&#8243; _builder_version=&#8221;4.10.8&#8243; _module_preset=&#8221;default&#8221; global_colors_info=&#8221;{}&#8221;][\/et_pb_video][\/et_pb_column][\/et_pb_row][et_pb_row column_structure=&#8221;2_5,3_5&#8243; disabled_on=&#8221;off|off|off&#8221; _builder_version=&#8221;4.10.8&#8243; _module_preset=&#8221;default&#8221; background_enable_image=&#8221;off&#8221; global_colors_info=&#8221;{}&#8221;][et_pb_column type=&#8221;2_5&#8243; _builder_version=&#8221;4.10.8&#8243; _module_preset=&#8221;default&#8221; global_colors_info=&#8221;{}&#8221;][et_pb_text _builder_version=&#8221;4.10.8&#8243; _module_preset=&#8221;default&#8221; header_2_text_color=&#8221;#DD004A&#8221; global_colors_info=&#8221;{}&#8221;]<\/p>\n<h2>Comment utiliser le lecteur vid\u00e9o de Replayer<\/h2>\n<p>Notre lecteur \u00e9volu\u00e9 vous permet de v\u00e9ritablement sublimer les actions de jeu.<\/p>\n<ul>\n<li><span style=\"text-decoration: underline;\"><strong>Appuyez et faites glisser la souris ou votre doigt sur l&#8217;\u00e9cran pour changer le cadrage et pour zoomer \u00e0 l&#8217;int\u00e9rieur du terrain<\/strong><\/span>. Ou, appuyez sur le bouton &#8220;TRACK&#8221; et suivez l&#8217;action avec le suivi automatique<\/li>\n<li>Revenez en arri\u00e8re et revoyez les actions au raleni d&#8217;un seul clic.<\/li>\n<li>Avec le bouton REC vous pouvez enregistrer la vid\u00e9o avec tous les mouvements de cam\u00e9ra et t\u00e9l\u00e9charger la vid\u00e9o avec votre point de vue sur le jeu<\/li>\n<\/ul>\n<p>[\/et_pb_text][\/et_pb_column][et_pb_column type=&#8221;3_5&#8243; _builder_version=&#8221;4.10.8&#8243; _module_preset=&#8221;default&#8221; global_colors_info=&#8221;{}&#8221;][et_pb_video src=&#8221;https:\/\/vimeo.com\/650033762&#8243; image_src=&#8221;https:\/\/www.replayer.it\/wp-content\/uploads\/2021\/11\/Come-usare-il-player-video-di-Replayer-low.gif&#8221; _builder_version=&#8221;4.13.1&#8243; _module_preset=&#8221;default&#8221; global_colors_info=&#8221;{}&#8221;][\/et_pb_video][\/et_pb_column][\/et_pb_row][et_pb_row column_structure=&#8221;1_5,1_5,1_5,1_5,1_5&#8243; make_equal=&#8221;on&#8221; disabled_on=&#8221;off|off|off&#8221; _builder_version=&#8221;4.10.8&#8243; _module_preset=&#8221;default&#8221; custom_padding=&#8221;0px|||||&#8221; global_colors_info=&#8221;{}&#8221;][et_pb_column type=&#8221;1_5&#8243; _builder_version=&#8221;4.10.8&#8243; _module_preset=&#8221;default&#8221; background_color=&#8221;rgba(244,244,244,0.1)&#8221; border_radii=&#8221;on|10px|10px|10px|10px&#8221; border_width_all=&#8221;1px&#8221; border_color_all=&#8221;#444444&#8243; box_shadow_style=&#8221;preset4&#8243; global_colors_info=&#8221;{}&#8221;][et_pb_blurb image=&#8221;https:\/\/www.replayer.it\/wp-content\/uploads\/2021\/11\/TRACK.png&#8221; _builder_version=&#8221;4.13.1&#8243; _module_preset=&#8221;default&#8221; custom_padding=&#8221;20px|10px|20px|10px|true|true&#8221; border_radii=&#8221;on|10px|10px|10px|10px&#8221; border_width_all=&#8221;2px&#8221; border_color_all=&#8221;RGBA(0,0,0,0)&#8221; global_colors_info=&#8221;{}&#8221;]<\/p>\n<p style=\"text-align: center;\"><strong>Activez\/d\u00e9sactivez le suivi automatique de l&#8217;action<\/strong><\/p>\n<p><a name=\"highlights\"><\/a>[\/et_pb_blurb][\/et_pb_column][et_pb_column type=&#8221;1_5&#8243; _builder_version=&#8221;4.10.8&#8243; _module_preset=&#8221;default&#8221; background_color=&#8221;rgba(244,244,244,0.1)&#8221; border_radii=&#8221;on|10px|10px|10px|10px&#8221; border_width_all=&#8221;1px&#8221; border_color_all=&#8221;#444444&#8243; box_shadow_style=&#8221;preset4&#8243; global_colors_info=&#8221;{}&#8221;][et_pb_blurb image=&#8221;https:\/\/www.replayer.it\/wp-content\/uploads\/2021\/11\/Rall-avanti.png&#8221; _builder_version=&#8221;4.13.0&#8243; _module_preset=&#8221;default&#8221; custom_padding=&#8221;20px|10px|20px|10px|true|true&#8221; border_radii=&#8221;on|10px|10px|10px|10px&#8221; border_width_all=&#8221;2px&#8221; border_color_all=&#8221;RGBA(0,0,0,0)&#8221; global_colors_info=&#8221;{}&#8221;]<\/p>\n<p style=\"text-align: center;\"><strong>Avancez au ralenti<\/strong><\/p>\n<p style=\"text-align: center;\"><span><\/span><\/p>\n<p style=\"text-align: center;\"><span><\/span><\/p>\n<p style=\"text-align: center;\"><span><\/span><\/p>\n<p>[\/et_pb_blurb][\/et_pb_column][et_pb_column type=&#8221;1_5&#8243; _builder_version=&#8221;4.10.8&#8243; _module_preset=&#8221;default&#8221; background_color=&#8221;rgba(244,244,244,0.1)&#8221; border_radii=&#8221;on|10px|10px|10px|10px&#8221; border_width_all=&#8221;1px&#8221; border_color_all=&#8221;#444444&#8243; box_shadow_style=&#8221;preset4&#8243; global_colors_info=&#8221;{}&#8221;][et_pb_blurb image=&#8221;https:\/\/www.replayer.it\/wp-content\/uploads\/2021\/11\/Rall-indietro.png&#8221; _builder_version=&#8221;4.13.0&#8243; _module_preset=&#8221;default&#8221; custom_padding=&#8221;20px|10px|20px|10px|true|true&#8221; border_radii=&#8221;on|10px|10px|10px|10px&#8221; border_color_all=&#8221;RGBA(0,0,0,0)&#8221; global_colors_info=&#8221;{}&#8221;]<\/p>\n<p style=\"text-align: center;\"><strong>Revenez en arri\u00e8re de 15 secondes et avancez au ralenti<\/strong><\/p>\n<p style=\"text-align: center;\">\n<p>[\/et_pb_blurb][\/et_pb_column][et_pb_column type=&#8221;1_5&#8243; _builder_version=&#8221;4.10.8&#8243; _module_preset=&#8221;default&#8221; background_color=&#8221;rgba(244,244,244,0.1)&#8221; border_radii=&#8221;on|10px|10px|10px|10px&#8221; border_width_all=&#8221;1px&#8221; border_color_all=&#8221;#444444&#8243; box_shadow_style=&#8221;preset4&#8243; global_colors_info=&#8221;{}&#8221;][et_pb_blurb image=&#8221;https:\/\/www.replayer.it\/wp-content\/uploads\/2021\/11\/REC.png&#8221; _builder_version=&#8221;4.13.0&#8243; _module_preset=&#8221;default&#8221; custom_padding=&#8221;20px|10px|20px|10px|true|true&#8221; border_radii=&#8221;on|10px|10px|10px|10px&#8221; border_width_all=&#8221;2px&#8221; border_color_all=&#8221;RGBA(0,0,0,0)&#8221; global_colors_info=&#8221;{}&#8221;]<\/p>\n<p style=\"text-align: center;\"><strong>D\u00e9marrez l&#8217;enregistrement vid\u00e9o avec votre mise en sc\u00e8ne<\/strong><\/p>\n<p>[\/et_pb_blurb][\/et_pb_column][et_pb_column type=&#8221;1_5&#8243; _builder_version=&#8221;4.10.8&#8243; _module_preset=&#8221;default&#8221; background_color=&#8221;rgba(244,244,244,0.1)&#8221; border_radii=&#8221;on|10px|10px|10px|10px&#8221; border_width_all=&#8221;1px&#8221; border_color_all=&#8221;#444444&#8243; box_shadow_style=&#8221;preset4&#8243; global_colors_info=&#8221;{}&#8221;][et_pb_blurb image=&#8221;https:\/\/www.replayer.it\/wp-content\/uploads\/2021\/11\/download.png&#8221; _builder_version=&#8221;4.13.0&#8243; _module_preset=&#8221;default&#8221; custom_padding=&#8221;20px|10px|20px|10px|true|true&#8221; border_radii=&#8221;on|10px|10px|10px|10px&#8221; border_width_all=&#8221;2px&#8221; border_color_all=&#8221;RGBA(0,0,0,0)&#8221; global_colors_info=&#8221;{}&#8221;]<\/p>\n<p style=\"text-align: center;\"><strong>Arr\u00eatez l&#8217;enregistrement et t\u00e9l\u00e9charger la vid\u00e9o avec votre mise en sc\u00e8ne<\/strong><\/p>\n<p>[\/et_pb_blurb][\/et_pb_column][\/et_pb_row][et_pb_row column_structure=&#8221;2_5,3_5&#8243; make_equal=&#8221;on&#8221; disabled_on=&#8221;off|off|off&#8221; _builder_version=&#8221;4.13.1&#8243; _module_preset=&#8221;default&#8221; background_enable_image=&#8221;off&#8221; global_colors_info=&#8221;{}&#8221;][et_pb_column type=&#8221;2_5&#8243; _builder_version=&#8221;4.10.8&#8243; _module_preset=&#8221;default&#8221; global_colors_info=&#8221;{}&#8221;][et_pb_text _builder_version=&#8221;4.13.1&#8243; _module_preset=&#8221;default&#8221; header_2_text_color=&#8221;#DD004A&#8221; global_colors_info=&#8221;{}&#8221;]<\/p>\n<h2>Comment cr\u00e9er des temps forts sur Replayer<\/h2>\n<p>Cr\u00e9ez des mini-films (maximum 3 minutes) pour revoir et partager les meilleures actions et les moments les plus \u00e9mouvants de vos vid\u00e9os<\/p>\n<ul>\n<li>choisissez une vid\u00e9o sur une cha\u00eene TV ou achetez-la dans le store Replayer<\/li>\n<li>sauvegardez la vid\u00e9o dans votre espace personnel<\/li>\n<li>utilisez les fonctionalit\u00e9s du lecteur avanc\u00e9\n<ul>\n<li>cr\u00e9ez votre mise en sc\u00e8ne<\/li>\n<li>param\u00e9trez le d\u00e9but et la fin<\/li>\n<\/ul>\n<\/li>\n<li>donnez un titre et sauvegardez le temps fort<\/li>\n<li>partagez-la avec vos amis<\/li>\n<\/ul>\n<h3>JOUEZ, REJOUER &amp; PARTAGEZ !<\/h3>\n<p>[\/et_pb_text][\/et_pb_column][et_pb_column type=&#8221;3_5&#8243; _builder_version=&#8221;4.13.1&#8243; _module_preset=&#8221;default&#8221; custom_css_main_element=&#8221;margin: auto;&#8221; global_colors_info=&#8221;{}&#8221;][et_pb_video src=&#8221;https:\/\/vimeo.com\/650033725&#8243; _builder_version=&#8221;4.13.1&#8243; _module_preset=&#8221;default&#8221; global_colors_info=&#8221;{}&#8221;][\/et_pb_video][\/et_pb_column][\/et_pb_row][et_pb_row _builder_version=&#8221;3.25&#8243; background_size=&#8221;initial&#8221; background_position=&#8221;top_left&#8221; background_repeat=&#8221;repeat&#8221; custom_padding=&#8221;50px|||||&#8221; global_colors_info=&#8221;{}&#8221;][et_pb_column type=&#8221;4_4&#8243; _builder_version=&#8221;3.25&#8243; custom_padding=&#8221;|||&#8221; global_colors_info=&#8221;{}&#8221; custom_padding__hover=&#8221;|||&#8221;][et_pb_text _builder_version=&#8221;4.10.8&#8243; header_text_align=&#8221;center&#8221; background_size=&#8221;initial&#8221; background_position=&#8221;top_left&#8221; background_repeat=&#8221;repeat&#8221; custom_padding_tablet=&#8221;|0%||0%|false|false&#8221; custom_padding_phone=&#8221;&#8221; custom_padding_last_edited=&#8221;on|phone&#8221; global_colors_info=&#8221;{}&#8221;]<\/p>\n<h3 style=\"text-align: center;\">Commencez \u00e0 jouer tout de suite<\/h3>\n<p>[\/et_pb_text][et_pb_button button_url=&#8221;https:\/\/go.replayer.it\/login&#8221; url_new_window=&#8221;on&#8221; button_text=&#8221;go.replayer.it \u3009&#8221; button_alignment=&#8221;center&#8221; _builder_version=&#8221;4.14.7&#8243; _module_preset=&#8221;default&#8221; custom_padding=&#8221;10px||10px||true|false&#8221; hover_enabled=&#8221;0&#8243; locked=&#8221;off&#8221; global_colors_info=&#8221;{}&#8221; sticky_enabled=&#8221;0&#8243;][\/et_pb_button][\/et_pb_column][\/et_pb_row][\/et_pb_section]<\/p>\n","protected":false},"excerpt":{"rendered":"<p>Utiliser replayer c&#8217;est simpleAvec les tutoriels vid\u00e9os c&#8217;est encore plus simpleComment s&#8217;inscrire \u00e0 replayer S&#8217;inscrire \u00e0 Replayer c&#8217;est tr\u00e8s facile : saisissez vos coordonn\u00e9es et cliquez surl&#8217;e-mail de v\u00e9rification. Rappelez-vous de donner toutes les autorisations pour profiter du service d&#8217;enregistrement vid\u00e9o pour pouvoir vous (re)voir sur le terrain ! Comment r\u00e9server un terrain Replayer Inscrivez-vous [&hellip;]<\/p>\n","protected":false},"author":1,"featured_media":4077,"parent":0,"menu_order":0,"comment_status":"closed","ping_status":"closed","template":"","meta":{"_et_pb_use_builder":"on","_et_pb_old_content":"","_et_gb_content_width":"","footnotes":""},"class_list":["post-4271","page","type-page","status-publish","has-post-thumbnail","hentry"],"_links":{"self":[{"href":"https:\/\/www.replayer.it\/fr\/wp-json\/wp\/v2\/pages\/4271","targetHints":{"allow":["GET"]}}],"collection":[{"href":"https:\/\/www.replayer.it\/fr\/wp-json\/wp\/v2\/pages"}],"about":[{"href":"https:\/\/www.replayer.it\/fr\/wp-json\/wp\/v2\/types\/page"}],"author":[{"embeddable":true,"href":"https:\/\/www.replayer.it\/fr\/wp-json\/wp\/v2\/users\/1"}],"replies":[{"embeddable":true,"href":"https:\/\/www.replayer.it\/fr\/wp-json\/wp\/v2\/comments?post=4271"}],"version-history":[{"count":0,"href":"https:\/\/www.replayer.it\/fr\/wp-json\/wp\/v2\/pages\/4271\/revisions"}],"wp:featuredmedia":[{"embeddable":true,"href":"https:\/\/www.replayer.it\/fr\/wp-json\/wp\/v2\/media\/4077"}],"wp:attachment":[{"href":"https:\/\/www.replayer.it\/fr\/wp-json\/wp\/v2\/media?parent=4271"}],"curies":[{"name":"wp","href":"https:\/\/api.w.org\/{rel}","templated":true}]}}