{"id":3682,"date":"2021-11-10T15:26:27","date_gmt":"2021-11-10T14:26:27","guid":{"rendered":"https:\/\/www.replayer.it\/?page_id=3682"},"modified":"2021-11-10T15:30:02","modified_gmt":"2021-11-10T14:30:02","slug":"video-tutorial-per-lutilizzo-dei-servizi-replayer","status":"publish","type":"page","link":"https:\/\/www.replayer.it\/en\/video-tutorial-per-lutilizzo-dei-servizi-replayer\/","title":{"rendered":"Video tutorial per l&#8217;utilizzo dei servizi Replayer"},"content":{"rendered":"<p>[et_pb_section fb_built=&#8221;1&#8243; _builder_version=&#8221;4.10.8&#8243; background_image=&#8221;https:\/\/www.replayer.it\/wp-content\/uploads\/2021\/10\/Replayer_video_tutorial_background.jpg&#8221; parallax=&#8221;on&#8221; parallax_method=&#8221;off&#8221; custom_padding=&#8221;||0px||false|false&#8221; custom_css_main_element=&#8221; background-blend-mode: luminosity;||&#8221; global_colors_info=&#8221;{}&#8221;][et_pb_row _builder_version=&#8221;3.25&#8243; background_size=&#8221;initial&#8221; background_position=&#8221;top_left&#8221; background_repeat=&#8221;repeat&#8221; global_colors_info=&#8221;{}&#8221;][et_pb_column type=&#8221;4_4&#8243; _builder_version=&#8221;3.25&#8243; custom_padding=&#8221;|||&#8221; global_colors_info=&#8221;{}&#8221; custom_padding__hover=&#8221;|||&#8221;][et_pb_text _builder_version=&#8221;4.10.8&#8243; header_text_align=&#8221;center&#8221; background_size=&#8221;initial&#8221; background_position=&#8221;top_left&#8221; background_repeat=&#8221;repeat&#8221; custom_padding_tablet=&#8221;|0%||0%|false|false&#8221; custom_padding_phone=&#8221;&#8221; custom_padding_last_edited=&#8221;on|phone&#8221; global_colors_info=&#8221;{}&#8221;]<\/p>\n<p><a name=\"iscrizione\"><\/a><\/p>\n<h1 style=\"text-align: center\">Utilizzare Replayer \u00e8 semplice.<br \/>Con i video tutorial \u00e8 ancora pi\u00f9 semplice<\/h1>\n<p>[\/et_pb_text][\/et_pb_column][\/et_pb_row][et_pb_row column_structure=&#8221;2_5,3_5&#8243; _builder_version=&#8221;4.10.8&#8243; _module_preset=&#8221;default&#8221; background_enable_image=&#8221;off&#8221; global_colors_info=&#8221;{}&#8221;][et_pb_column type=&#8221;2_5&#8243; _builder_version=&#8221;4.10.8&#8243; _module_preset=&#8221;default&#8221; global_colors_info=&#8221;{}&#8221;][et_pb_text _builder_version=&#8221;4.10.8&#8243; _module_preset=&#8221;default&#8221; header_2_text_color=&#8221;#DD004A&#8221; global_colors_info=&#8221;{}&#8221;]<\/p>\n<h2>Come iscriversi a Replayer<\/h2>\n<p>Iscriversi a Replayer \u00e8 super facile: inserisci i tuoi dati e clicca sull&#8217;<strong>email di verifica<\/strong>.<\/p>\n<p>Ricordati di dare tutti i consensi per usufruire del <strong>servizio di riprese video<\/strong> per poterti rivedere in campo!<\/p>\n<p><a name=\"prenotazione\"><\/a>[\/et_pb_text][\/et_pb_column][et_pb_column type=&#8221;3_5&#8243; _builder_version=&#8221;4.10.8&#8243; _module_preset=&#8221;default&#8221; global_colors_info=&#8221;{}&#8221;][et_pb_video src=&#8221;https:\/\/player.vimeo.com\/video\/624770459&#8243; _builder_version=&#8221;4.10.8&#8243; _module_preset=&#8221;default&#8221; global_colors_info=&#8221;{}&#8221;][\/et_pb_video][\/et_pb_column][\/et_pb_row][et_pb_row column_structure=&#8221;2_5,3_5&#8243; _builder_version=&#8221;4.10.8&#8243; _module_preset=&#8221;default&#8221; background_enable_image=&#8221;off&#8221; global_colors_info=&#8221;{}&#8221;][et_pb_column type=&#8221;2_5&#8243; _builder_version=&#8221;4.10.8&#8243; _module_preset=&#8221;default&#8221; global_colors_info=&#8221;{}&#8221;][et_pb_text _builder_version=&#8221;4.10.8&#8243; _module_preset=&#8221;default&#8221; header_2_text_color=&#8221;#DD004A&#8221; global_colors_info=&#8221;{}&#8221;]<\/p>\n<h2>Come prenotare un campo Replayer<\/h2>\n<p>Registrati su Replayer e prenota il campo da gioco in soli tre passaggi:<\/p>\n<ol>\n<li>scegli il centro sportivo<\/li>\n<li>clicca su \u201cPrenota\u201d e scegli campo ed orario<\/li>\n<li>Completa e conferma la prenotazione.<\/li>\n<\/ol>\n<p>Riceverai un\u2019email che ti aiuter\u00e0 a ricordare l\u2019appuntamento. Enjoy the game, enjoy Replayer!<br \/>\n<a name=\"acquisto\"><\/a>[\/et_pb_text][\/et_pb_column][et_pb_column type=&#8221;3_5&#8243; _builder_version=&#8221;4.10.8&#8243; _module_preset=&#8221;default&#8221; global_colors_info=&#8221;{}&#8221;][et_pb_video src=&#8221;https:\/\/player.vimeo.com\/video\/630205305&#8243; _builder_version=&#8221;4.10.8&#8243; _module_preset=&#8221;default&#8221; global_colors_info=&#8221;{}&#8221;][\/et_pb_video][\/et_pb_column][\/et_pb_row][et_pb_row column_structure=&#8221;2_5,3_5&#8243; _builder_version=&#8221;4.10.8&#8243; _module_preset=&#8221;default&#8221; background_enable_image=&#8221;off&#8221; global_colors_info=&#8221;{}&#8221;][et_pb_column type=&#8221;2_5&#8243; _builder_version=&#8221;4.10.8&#8243; _module_preset=&#8221;default&#8221; global_colors_info=&#8221;{}&#8221;][et_pb_text _builder_version=&#8221;4.10.8&#8243; _module_preset=&#8221;default&#8221; header_2_text_color=&#8221;#DD004A&#8221; hover_enabled=&#8221;0&#8243; global_colors_info=&#8221;{}&#8221; sticky_enabled=&#8221;0&#8243;]<\/p>\n<h2>Come acquistare un video o un abbonamento Replayer<span style=\"color: #ffffff\">TV<\/span><\/h2>\n<p>I video delle partite o degli allenamenti possono essere acquistati direttamente dall&#8217;agenda oppure dal <strong>Video Store<\/strong> del Centro Sportivo. Altrimenti, puoi scegliere di abbonarti alla ReplayerTV ed avere sempre libero accesso ai video del canale TV del tuo Centro preferito o, con l&#8217;<strong>abbonamento UNLIMITED<\/strong>, a tutti i canali video della ReplayerTV.<br \/>\n<strong>Per gli acquisti su Replayer utilizzi il credito presente sul tuo account<\/strong>, cos\u00ec non devi usare sempre la carta di credito o il conto PayPal ma solo quando effettui una <strong>ricarica<\/strong> e, ricorda, tanto pi\u00f9 alto \u00e8 l&#8217;importo che scegli di caricare sul tuo account, tanto pi\u00f9 grande \u00e8 il <strong>credito omaggio<\/strong> che ricevi.<br \/>\n<a name=\"affiliazione\"><\/a>[\/et_pb_text][\/et_pb_column][et_pb_column type=&#8221;3_5&#8243; _builder_version=&#8221;4.10.8&#8243; _module_preset=&#8221;default&#8221; global_colors_info=&#8221;{}&#8221;][et_pb_video src=&#8221;https:\/\/player.vimeo.com\/video\/636456992&#8243; _builder_version=&#8221;4.10.8&#8243; _module_preset=&#8221;default&#8221; global_colors_info=&#8221;{}&#8221;][\/et_pb_video][\/et_pb_column][\/et_pb_row][et_pb_row column_structure=&#8221;2_5,3_5&#8243; _builder_version=&#8221;4.10.8&#8243; _module_preset=&#8221;default&#8221; background_enable_image=&#8221;off&#8221; global_colors_info=&#8221;{}&#8221;][et_pb_column type=&#8221;2_5&#8243; _builder_version=&#8221;4.10.8&#8243; _module_preset=&#8221;default&#8221; global_colors_info=&#8221;{}&#8221;][et_pb_text _builder_version=&#8221;4.10.8&#8243; _module_preset=&#8221;default&#8221; header_2_text_color=&#8221;#DD004A&#8221; global_colors_info=&#8221;{}&#8221;]<\/p>\n<h2>Come affiliarsi ad un Centro Sportivo su Replayer<\/h2>\n<p>I Centri Sportivi offrono vantaggi speciali ai loro affiliati (iscritti, soci, tesserati, abbonati, maestri, coach &#8230;).<br \/><strong>Richiedi al tuo Centro la membership su Replayer<\/strong> per ottenere ancora pi\u00f9 benefici, come la prelazione sulle prenotazioni o l&#8217;accesso gratuito a tutti i video del canale TV.<br \/><strong>Entra nella community degli sportivi!<\/strong><\/p>\n<p>[\/et_pb_text][\/et_pb_column][et_pb_column type=&#8221;3_5&#8243; _builder_version=&#8221;4.10.8&#8243; _module_preset=&#8221;default&#8221; global_colors_info=&#8221;{}&#8221;][et_pb_video src=&#8221;https:\/\/player.vimeo.com\/video\/637966266&#8243; _builder_version=&#8221;4.10.8&#8243; _module_preset=&#8221;default&#8221; global_colors_info=&#8221;{}&#8221;][\/et_pb_video][\/et_pb_column][\/et_pb_row][et_pb_row _builder_version=&#8221;3.25&#8243; background_size=&#8221;initial&#8221; background_position=&#8221;top_left&#8221; background_repeat=&#8221;repeat&#8221; custom_padding=&#8221;50px|||||&#8221; global_colors_info=&#8221;{}&#8221;][et_pb_column type=&#8221;4_4&#8243; _builder_version=&#8221;3.25&#8243; custom_padding=&#8221;|||&#8221; global_colors_info=&#8221;{}&#8221; custom_padding__hover=&#8221;|||&#8221;][et_pb_text _builder_version=&#8221;4.10.8&#8243; header_text_align=&#8221;center&#8221; background_size=&#8221;initial&#8221; background_position=&#8221;top_left&#8221; background_repeat=&#8221;repeat&#8221; custom_padding_tablet=&#8221;|0%||0%|false|false&#8221; custom_padding_phone=&#8221;&#8221; custom_padding_last_edited=&#8221;on|phone&#8221; global_colors_info=&#8221;{}&#8221;]<\/p>\n<h3 style=\"text-align: center\">Mettiti subito in gioco<\/h3>\n<p>[\/et_pb_text][et_pb_cta button_url=&#8221;https:\/\/go.replayer.it\/&#8221; button_text=&#8221;go.replayer&#8221; _builder_version=&#8221;4.10.8&#8243; use_background_color=&#8221;off&#8221; custom_button=&#8221;on&#8221; button_border_width=&#8221;10px&#8221; global_colors_info=&#8221;{}&#8221;][\/et_pb_cta][\/et_pb_column][\/et_pb_row][\/et_pb_section]<\/p>\n","protected":false},"excerpt":{"rendered":"<p>Utilizzare Replayer \u00e8 semplice.Con i video tutorial \u00e8 ancora pi\u00f9 sempliceCome iscriversi a Replayer Iscriversi a Replayer \u00e8 super facile: inserisci i tuoi dati e clicca sull&#8217;email di verifica. Ricordati di dare tutti i consensi per usufruire del servizio di riprese video per poterti rivedere in campo! Come prenotare un campo Replayer Registrati su Replayer [&hellip;]<\/p>\n","protected":false},"author":1,"featured_media":2899,"parent":0,"menu_order":0,"comment_status":"closed","ping_status":"closed","template":"","meta":{"_et_pb_use_builder":"on","_et_pb_old_content":"","_et_gb_content_width":"","footnotes":""},"class_list":["post-3682","page","type-page","status-publish","has-post-thumbnail","hentry"],"_links":{"self":[{"href":"https:\/\/www.replayer.it\/en\/wp-json\/wp\/v2\/pages\/3682","targetHints":{"allow":["GET"]}}],"collection":[{"href":"https:\/\/www.replayer.it\/en\/wp-json\/wp\/v2\/pages"}],"about":[{"href":"https:\/\/www.replayer.it\/en\/wp-json\/wp\/v2\/types\/page"}],"author":[{"embeddable":true,"href":"https:\/\/www.replayer.it\/en\/wp-json\/wp\/v2\/users\/1"}],"replies":[{"embeddable":true,"href":"https:\/\/www.replayer.it\/en\/wp-json\/wp\/v2\/comments?post=3682"}],"version-history":[{"count":0,"href":"https:\/\/www.replayer.it\/en\/wp-json\/wp\/v2\/pages\/3682\/revisions"}],"wp:featuredmedia":[{"embeddable":true,"href":"https:\/\/www.replayer.it\/en\/wp-json\/wp\/v2\/media\/2899"}],"wp:attachment":[{"href":"https:\/\/www.replayer.it\/en\/wp-json\/wp\/v2\/media?parent=3682"}],"curies":[{"name":"wp","href":"https:\/\/api.w.org\/{rel}","templated":true}]}}